{"id":53,"date":"2024-12-06T09:03:20","date_gmt":"2024-12-06T08:03:20","guid":{"rendered":"http:\/\/liege.attac.org\/blog\/?page_id=53"},"modified":"2024-12-06T09:05:17","modified_gmt":"2024-12-06T08:05:17","slug":"attac-liege","status":"publish","type":"page","link":"http:\/\/liege.attac.org\/blog\/attac-liege\/","title":{"rendered":"Attac-Li\u00e8ge"},"content":{"rendered":"\n<p>Cr\u00e9\u00e9e en avril 1999, la locale d\u2019<strong>ATTAC Li\u00e8ge<\/strong> est constitu\u00e9e en asbl depuis 2001 et reconnue par la Communaut\u00e9 fran\u00e7aise en tant qu\u2019<strong>association d\u2019\u00e9ducation permanente<\/strong>. Ses activit\u00e9s sont consacr\u00e9es \u00e0 <strong>\u00e9veiller notre prise de conscience citoyenne<\/strong> : refus d\u2019une \u00e9conomie visant \u00e0 toujours plus de profits qui creuse les in\u00e9galit\u00e9s et ravage la plan\u00e8te ; refus des privatisations ouvertes ou larv\u00e9es, y compris dans les secteurs de l\u2019enseignement et de la sant\u00e9 ; engagement pour une soci\u00e9t\u00e9 plus juste fiscalement, plus d\u00e9mocratique et plus sociale.<\/p>\n\n\n\n<p>Nous avons recours \u00e0 <strong>des approches diverses, qui font notamment appel \u00e0 la participation du public<\/strong>, de la conf\u00e9rence-d\u00e9bat au d\u00e9bat mouvant, du cin\u00e9-club \u00e0 l\u2019atelier d\u2019\u00e9criture ou peinture ou chant d\u00e9tourn\u00e9, de l\u2019atelier de lecture \u00e0 l\u2019arpentage de livres, de la formation collective \u00e0 l\u2019interpellation citoyenne.<\/p>\n\n\n\n<h4 class=\"wp-block-heading\">Retrouvez plus d&rsquo;infos sur notre site web !<\/h4>\n\n\n\n<p><a href=\"https:\/\/liege.attac.org\/\">www.attacliege.be<\/a><\/p>\n\n\n\n<figure class=\"wp-block-image size-large\"><a href=\"https:\/\/liege.attac.org\/\"><img loading=\"lazy\" decoding=\"async\" width=\"1024\" height=\"895\" src=\"http:\/\/liege.attac.org\/blog\/wp-content\/uploads\/2024\/12\/Capture-decran-2024-12-06-090205-1024x895.png\" alt=\"\" class=\"wp-image-55\" srcset=\"http:\/\/liege.attac.org\/blog\/wp-content\/uploads\/2024\/12\/Capture-decran-2024-12-06-090205-1024x895.png 1024w, http:\/\/liege.attac.org\/blog\/wp-content\/uploads\/2024\/12\/Capture-decran-2024-12-06-090205-300x262.png 300w, http:\/\/liege.attac.org\/blog\/wp-content\/uploads\/2024\/12\/Capture-decran-2024-12-06-090205-768x671.png 768w, http:\/\/liege.attac.org\/blog\/wp-content\/uploads\/2024\/12\/Capture-decran-2024-12-06-090205.png 1076w\" sizes=\"auto, (max-width: 1024px) 100vw, 1024px\" \/><\/a><\/figure>\n","protected":false},"excerpt":{"rendered":"<p>Cr\u00e9\u00e9e en avril 1999, la locale d\u2019ATTAC Li\u00e8ge est constitu\u00e9e en asbl depuis 2001 et reconnue par la Communaut\u00e9 fran\u00e7aise en tant qu\u2019association d\u2019\u00e9ducation permanente. Ses activit\u00e9s sont consacr\u00e9es \u00e0 \u00e9veiller notre prise de conscience citoyenne : refus d\u2019une \u00e9conomie visant \u00e0 toujours plus de profits qui creuse les in\u00e9galit\u00e9s et ravage la plan\u00e8te ;&#8230;<\/p>\n","protected":false},"author":1,"featured_media":0,"parent":0,"menu_order":0,"comment_status":"closed","ping_status":"closed","template":"","meta":{"footnotes":""},"class_list":["post-53","page","type-page","status-publish","hentry"],"_links":{"self":[{"href":"http:\/\/liege.attac.org\/blog\/wp-json\/wp\/v2\/pages\/53","targetHints":{"allow":["GET"]}}],"collection":[{"href":"http:\/\/liege.attac.org\/blog\/wp-json\/wp\/v2\/pages"}],"about":[{"href":"http:\/\/liege.attac.org\/blog\/wp-json\/wp\/v2\/types\/page"}],"author":[{"embeddable":true,"href":"http:\/\/liege.attac.org\/blog\/wp-json\/wp\/v2\/users\/1"}],"replies":[{"embeddable":true,"href":"http:\/\/liege.attac.org\/blog\/wp-json\/wp\/v2\/comments?post=53"}],"version-history":[{"count":2,"href":"http:\/\/liege.attac.org\/blog\/wp-json\/wp\/v2\/pages\/53\/revisions"}],"predecessor-version":[{"id":58,"href":"http:\/\/liege.attac.org\/blog\/wp-json\/wp\/v2\/pages\/53\/revisions\/58"}],"wp:attachment":[{"href":"http:\/\/liege.attac.org\/blog\/wp-json\/wp\/v2\/media?parent=53"}],"curies":[{"name":"wp","href":"https:\/\/api.w.org\/{rel}","templated":true}]}}